{"id":20,"date":"2025-12-18T08:28:26","date_gmt":"2025-12-18T08:28:26","guid":{"rendered":"https:\/\/degrowthdage.dk\/?page_id=20"},"modified":"2026-02-06T13:48:21","modified_gmt":"2026-02-06T13:48:21","slug":"begraensning-af-mails","status":"publish","type":"page","link":"https:\/\/degrowthdage.dk\/index.php\/begraensning-af-mails\/","title":{"rendered":"Begr\u00e6nsning af mailadgang"},"content":{"rendered":"\n<h2 class=\"wp-block-heading\">Hvorfor?<\/h2>\n\n\n\n<p>E\u2011mail er ikke blot et v\u00e6rkt\u00f8j \u2013 det er hvidskjortens legitime udgave af sociale medier, en stille invasion af vores opm\u00e6rksomhed. De kommer uanmeldt, fl\u00e6kker fokus, og tr\u00e6kker os ofte v\u00e6k fra det arbejde, der kr\u00e6ver fordybelse og n\u00e6rv\u00e6r. <a href=\"https:\/\/repository.rit.edu\/theses\/484\/\">Forskningen viser, at e\u2011mailstr\u00f8mme systematisk overbelaster vidensarbejdere og undergraver deres mentale overskud og dybe t\u00e6nkning<\/a>.<\/p>\n\n\n\n<p>Omsorg driver vi for det, der betyder noget for os \u2013 for andre, for planeten og for os selv. <a href=\"https:\/\/www.tandfonline.com\/doi\/pdf\/10.1080\/14747731.2025.2480527\">Omsorg er alt det, vi g\u00f8r for at holde verden sammen \u2014 kroppen, livet og det, der omgiver os. Et stille arbejde med at reparere og v\u00e6ve tilv\u00e6relsen, s\u00e5 vi kan v\u00e6re her p\u00e5 den bedst mulige m\u00e5de.<\/a><\/p>\n\n\n\n<p>Vi begr\u00e6nser vi systematisk og teknisk vores egen adgang til e\u2011mails. Vi bryder m\u00e5ske med forventningen om konstant tilg\u00e6ngelighed, men vi investerer samtidig i vores egen koncentration og driver omsorg for noget af det, der foruds\u00e6ttes i godt vidensarbejde: fordybelsen.<\/p>\n\n\n\n<p>Med venlig hilsen Bjarke<\/p>\n\n\n\n<h2 class=\"wp-block-heading\">Hvordan?<\/h2>\n\n\n\n<p>Dette er en digital udgave af <a href=\"https:\/\/en.wikipedia.org\/wiki\/Pomodoro_Technique\" data-type=\"link\" data-id=\"https:\/\/en.wikipedia.org\/wiki\/Pomodoro_Technique\">Pomodoro-teknikken<\/a>. I faste tidsintervaller fokuserer vi p\u00e5 det udvalgte arbejde (fx l\u00e6se eller skrive) og afsk\u00e6rer alle \u00f8vrige distraktioner. N\u00e5r tiden er g\u00e5r, er det tilladt tjekke mails igen.<\/p>\n\n\n\n<p><strong>Computer<\/strong><\/p>\n\n\n\n<p>Til at forhindre adgang til mails, finder der forskellige blokeringsprogrammer. Vi bruger <a href=\"https:\/\/apps.microsoft.com\/detail\/9pddb0jvq277?hl=en-US&amp;gl=DA\" data-type=\"link\" data-id=\"https:\/\/apps.microsoft.com\/detail\/9pddb0jvq277?hl=en-US&amp;gl=DA\">Deep Focu<\/a>s p\u00e5 PC. Her v\u00e6lges blokeres OUTLOOK.EXE samt URL-adresser til browseradgang til e-mail. <\/p>\n\n\n\n<p>P\u00e5 interventonsdage s\u00e6ttes timer p\u00e5 6 timer, startende fra kl. 8.30. <\/p>\n\n\n\n<p><strong>Telefon<\/strong><\/p>\n\n\n\n<ul class=\"wp-block-list\">\n<li>Telefonen deponeres p\u00e5 fysisk afstand af det sted, du fordyber dig<\/li>\n\n\n\n<li>Kun lyd ved opkald<\/li>\n\n\n\n<li>Luk for adgang til Mail-app og browser-adgang via Apptidsgr\u00e6ner i Systemindstillinger <\/li>\n<\/ul>\n\n\n\n<p><\/p>\n","protected":false},"excerpt":{"rendered":"<p>Hvorfor? E\u2011mail er ikke blot et v\u00e6rkt\u00f8j \u2013 det er hvidskjortens legitime udgave af sociale medier, en stille invasion af vores opm\u00e6rksomhed. De kommer uanmeldt, fl\u00e6kker fokus, og tr\u00e6kker os ofte v\u00e6k fra det arbejde, der kr\u00e6ver fordybelse og n\u00e6rv\u00e6r. Forskningen viser, at e\u2011mailstr\u00f8mme systematisk overbelaster vidensarbejdere og undergraver deres mentale overskud og dybe t\u00e6nkning. [&hellip;]<\/p>\n","protected":false},"author":1,"featured_media":0,"parent":0,"menu_order":0,"comment_status":"closed","ping_status":"closed","template":"","meta":{"footnotes":""},"class_list":["post-20","page","type-page","status-publish","hentry"],"_links":{"self":[{"href":"https:\/\/degrowthdage.dk\/index.php\/wp-json\/wp\/v2\/pages\/20","targetHints":{"allow":["GET"]}}],"collection":[{"href":"https:\/\/degrowthdage.dk\/index.php\/wp-json\/wp\/v2\/pages"}],"about":[{"href":"https:\/\/degrowthdage.dk\/index.php\/wp-json\/wp\/v2\/types\/page"}],"author":[{"embeddable":true,"href":"https:\/\/degrowthdage.dk\/index.php\/wp-json\/wp\/v2\/users\/1"}],"replies":[{"embeddable":true,"href":"https:\/\/degrowthdage.dk\/index.php\/wp-json\/wp\/v2\/comments?post=20"}],"version-history":[{"count":7,"href":"https:\/\/degrowthdage.dk\/index.php\/wp-json\/wp\/v2\/pages\/20\/revisions"}],"predecessor-version":[{"id":94,"href":"https:\/\/degrowthdage.dk\/index.php\/wp-json\/wp\/v2\/pages\/20\/revisions\/94"}],"wp:attachment":[{"href":"https:\/\/degrowthdage.dk\/index.php\/wp-json\/wp\/v2\/media?parent=20"}],"curies":[{"name":"wp","href":"https:\/\/api.w.org\/{rel}","templated":true}]}}