{"id":24,"date":"2025-12-18T08:28:56","date_gmt":"2025-12-18T08:28:56","guid":{"rendered":"https:\/\/degrowthdage.dk\/?page_id=24"},"modified":"2026-02-24T15:32:14","modified_gmt":"2026-02-24T15:32:14","slug":"direkte-solenergi","status":"publish","type":"page","link":"https:\/\/degrowthdage.dk\/index.php\/direkte-solenergi\/","title":{"rendered":"Direkte solenergi"},"content":{"rendered":"\n<h2 class=\"wp-block-heading\">Hvorfor?<\/h2>\n\n\n\n<p class=\"has-contrast-color has-text-color has-link-color wp-elements-d4e49abe0229497f3ffcd4e023933f75\">Jeg har valgt denne intervention, fordi den er konkret, m\u00e5lbar og et radikalt\/tydeligt indgreb i min praksis. Interventionen vil skabe friktion og udfordringer, som jeg b\u00e5de p\u00e5 forh\u00e5nd og simultant m\u00e5 reflektere over og finde l\u00f8sninger p\u00e5. Ved udelukkende at anvende solgenereret energi p\u00e5 interventionsdagene unders\u00f8ges, hvordan flere degrowth-idealer oms\u00e6ttes som b\u00e5de begr\u00e6nsninger og \u00e5bninger for nye tilgange i min normale praksis.<\/p>\n\n\n\n<p>Sufficiency: Denne intervention opererer direkte med sufficiens forst\u00e5et som tilstr\u00e6kkelighed. Den begr\u00e6nsede energim\u00e6ngde underst\u00f8tter en praksis med prioriteringer af hvad, der er henholdvis \u00f8nskv\u00e6rdigt, n\u00f8dvendigt og tilstr\u00e6kkeligt. Der vil v\u00e6re brug for at minimere det digitale forbrug, hvilket samtidig giver anledning til at reflektere over, hvilken hardware og software, der er tilstr\u00e6kkelig, og hvordan jeg som bruger bedst udnytter den tilg\u00e6ngelige energi. Alts\u00e5 hvad er nok \u2013 frem for mere.<\/p>\n\n\n\n<p>Sustainability: Med fokus p\u00e5 \u00f8kologisk (og \u00f8konomisk) b\u00e6redygtighed. Interventionen g\u00f8r energiforbruget meget konkret og m\u00e6rkbart. Elektricitet\/str\u00f8m g\u00e5r fra at v\u00e6re en usynlig ressource til at v\u00e6re faktisk og her-og-nu tilg\u00e6ngelig eller ej.<\/p>\n\n\n\n<p>Autonomy: Autonomi i degrowth handler om at frig\u00f8re sig fra teknologiske afh\u00e6ngigheder og udvikle kompetencer til at handle i mindre ressourceintensive rammer. At anvende solgenereret energi tapper ind i tanken om selvforsyning og om at f\u00e5 ting til at fungere udenfor infrastrukturen.<\/p>\n\n\n\n<p class=\"has-contrast-color has-text-color has-link-color wp-elements-107dffa55a2055d4ad8655efac8a1776\">N\u00e5r str\u00f8m kun er tilg\u00e6ngelig i en begr\u00e6nset m\u00e6ngde, forventer jeg at blive udfordret til at tilpasse mine arbejdsprocesser og tage autonome beslutninger om energiforbrug. <strong><\/strong><\/p>\n\n\n\n<p>Med venlig hilsen <\/p>\n\n\n\n<p>Pernille Madsen<\/p>\n\n\n\n<h2 class=\"wp-block-heading\">Hvordan?<\/h2>\n\n\n\n<p>P\u00e5 interventionsdag er det udelukkende solgeneret energi p\u00e5 dagen, der m\u00e5 bruges til digitale devices.<\/p>\n\n\n\n<p>Energikilde<\/p>\n\n\n\n<ul class=\"wp-block-list\">\n<li>Vi har skaffet <a href=\"https:\/\/www.amazon.de\/-\/da\/Mesuvida-soloplader-foldbar-porte-h%C3%B8jere-sort\/dp\/B0CYPH458H?dib=eyJ2IjoiMSJ9.8Ht6NDZxc8j7EpEmPMSEnlvoIPtIzcPmAJlZrqcUdOsjKRyv9Q0p0-ibakdo-CLNZySph-Apu0OTatRzayIvPw.1VDQqf68_1_a5XH4dvUKdASYQt0_SyUzxWfBlBPM-jo&amp;dib_tag=se&amp;m=A3SZ1KUJ6NXZNP&amp;marketplaceID=A1PA6795UKMFR9&amp;qid=1770495148&amp;s=merchant-items&amp;sr=1-1&amp;th=1\">dette<\/a> solpanel, der under optimale betingelser kan levere 65 watt til opladning, svarende til hvad en normal arbejdslaptop kr\u00e6ver. <\/li>\n\n\n\n<li>Derudover har vi k\u00f8bt et <a href=\"https:\/\/www.amazon.de\/-\/da\/Dreaazhi-C-opladningskabel-opladningskabel-flettet-MacBook\/dp\/B0CP94S896?crid=1DLT0B20OTTM5&amp;dib=eyJ2IjoiMSJ9.8tgvBuUFPRorSnhCgWbCrIo8XkFP7k_ErwJ3ClLBPykOy79-TaWZUxxRzBxjjXa1Jn-NqryavosOEKC9i1f29mnm0gkrp7adFHprHqAZQmbxV1O0odC-OE4HBSN3184i4slQtGpO1u-YG3noJAoTQ_GKX6AXiFfInWgONeKcBZdxUfSNLuyJB8I92CM2AafPL6x_ZXmSqjhOktrQ2YjI_ysI1YtOYqRv4vG_GWs97qU.PcFxUH56IE9mTgDAlVMNRWImCjBkKmVnCclymBE3K90&amp;dib_tag=se&amp;keywords=usb-c+kabel+5meter&amp;qid=1770890735&amp;sprefix=usb-c+kabel+5+meter%2Caps%2C152&amp;sr=8-1\">5 meter USB-C kabel<\/a>, s\u00e5 man ikke beh\u00f8ver at sidde udenfor samt<\/li>\n\n\n\n<li><a href=\"https:\/\/www.amazon.de\/-\/da\/voltmeter-multimeter-str%C3%B8mm%C3%A5ler-str%C3%B8mtester-sp%C3%A6ndingstester\/dp\/B0B99Z2GJK?crid=Y2L5HWL00NX9&amp;dib=eyJ2IjoiMSJ9.kL6Yln7uLXFnG2UivzWNG6D2Uw6-QMXxjikQpF4L8ll1o2XB4IrJ7RontKl_FpjlBJBUQ3xKVw1he25JHdXevLtndnMfermf4vfloZKQ2giuXpvYLusYpdlCx45B9skbgMDr_071Gux6Gx2E2oNfo_tnZKbbaYA6eqFkbcrzUkVxlcheR0kz3_DVj2eYGDkPuvVJbrlr-Ol490lxF3hvc17Fw5-vnm3dOqXwhI9Bn_ntWQ3n8Z6-Y5dNwO7INRiFQpHJHceSY8hF2btczMxk8qxIZb9WTapL7ReR_XbnEIc.5Zz1FKCUR2tnm_hvnnvAqx2PIpzxOtCT4S7gbgIQEJ8&amp;dib_tag=se&amp;keywords=usb-c+power+meter&amp;qid=1770890861&amp;sprefix=usb-c+power+meter%2Caps%2C230&amp;sr=8-3\">str\u00f8mm\u00e5ler<\/a> til at monitorere indkomne watt under brug<\/li>\n<\/ul>\n\n\n\n<p>Computer<\/p>\n\n\n\n<ul class=\"wp-block-list\">\n<li>En standard arbejdslaptop (der bruger omkring 65 watt til drift og opladning)<\/li>\n\n\n\n<li>P\u00e5 interventionsdage skal computer (og andre devices) starte med fladt batteri, s\u00e5 udgangspunktet er solenergi (tip: spil videoer med h\u00f8j lyd i mange tabs og fuld sk\u00e6rmlys)<\/li>\n<\/ul>\n\n\n\n<p>For at spare p\u00e5 evt. knap energi, kan f\u00f8lgende g\u00f8res:<\/p>\n\n\n\n<ul class=\"wp-block-list\">\n<li>Lavt sk\u00e6rmlys<\/li>\n\n\n\n<li>Indbyggede batterispare programmer i styresystemet kan aktiveres<\/li>\n\n\n\n<li>Undg\u00e5 onlineopkald, og sl\u00e5 som minimum video fra<\/li>\n\n\n\n<li>Undg\u00e5 streaming af video (og gerne ogs\u00e5 lyd)<\/li>\n\n\n\n<li>Undg\u00e5 at have un\u00f8dvendige tabs \u00e5bne i browseren<\/li>\n\n\n\n<li>Hold computeren kold<\/li>\n\n\n\n<li>Sl\u00e5 bluetooth fra<\/li>\n\n\n\n<li>Hav en fysisk bog, notesblok og pen klar til n\u00e5r skyerne kommer \ud83d\ude42<\/li>\n<\/ul>\n\n\n\n<p><\/p>\n","protected":false},"excerpt":{"rendered":"<p>Hvorfor? Jeg har valgt denne intervention, fordi den er konkret, m\u00e5lbar og et radikalt\/tydeligt indgreb i min praksis. Interventionen vil skabe friktion og udfordringer, som jeg b\u00e5de p\u00e5 forh\u00e5nd og simultant m\u00e5 reflektere over og finde l\u00f8sninger p\u00e5. Ved udelukkende at anvende solgenereret energi p\u00e5 interventionsdagene unders\u00f8ges, hvordan flere degrowth-idealer oms\u00e6ttes som b\u00e5de begr\u00e6nsninger og [&hellip;]<\/p>\n","protected":false},"author":1,"featured_media":0,"parent":0,"menu_order":0,"comment_status":"closed","ping_status":"closed","template":"","meta":{"footnotes":""},"class_list":["post-24","page","type-page","status-publish","hentry"],"_links":{"self":[{"href":"https:\/\/degrowthdage.dk\/index.php\/wp-json\/wp\/v2\/pages\/24","targetHints":{"allow":["GET"]}}],"collection":[{"href":"https:\/\/degrowthdage.dk\/index.php\/wp-json\/wp\/v2\/pages"}],"about":[{"href":"https:\/\/degrowthdage.dk\/index.php\/wp-json\/wp\/v2\/types\/page"}],"author":[{"embeddable":true,"href":"https:\/\/degrowthdage.dk\/index.php\/wp-json\/wp\/v2\/users\/1"}],"replies":[{"embeddable":true,"href":"https:\/\/degrowthdage.dk\/index.php\/wp-json\/wp\/v2\/comments?post=24"}],"version-history":[{"count":6,"href":"https:\/\/degrowthdage.dk\/index.php\/wp-json\/wp\/v2\/pages\/24\/revisions"}],"predecessor-version":[{"id":111,"href":"https:\/\/degrowthdage.dk\/index.php\/wp-json\/wp\/v2\/pages\/24\/revisions\/111"}],"wp:attachment":[{"href":"https:\/\/degrowthdage.dk\/index.php\/wp-json\/wp\/v2\/media?parent=24"}],"curies":[{"name":"wp","href":"https:\/\/api.w.org\/{rel}","templated":true}]}}