{"id":48,"date":"2025-12-18T12:51:53","date_gmt":"2025-12-18T12:51:53","guid":{"rendered":"https:\/\/degrowthdage.dk\/?page_id=48"},"modified":"2026-02-06T13:58:47","modified_gmt":"2026-02-06T13:58:47","slug":"lokal-kunstig-intelligens","status":"publish","type":"page","link":"https:\/\/degrowthdage.dk\/index.php\/lokal-kunstig-intelligens\/","title":{"rendered":"Lokal kunstig intelligens"},"content":{"rendered":"\n<h2 class=\"wp-block-heading\">Hvorfor?<\/h2>\n\n\n\n<p>Jeg afpr\u00f8ver dette af flere \u00e5rsager.<\/p>\n\n\n\n<ul class=\"wp-block-list\">\n<li>Det giver st\u00f8rre mulighed for at v\u00e6lge mellem forskellige modeller og tilpasse dem.<\/li>\n\n\n\n<li>Det muligg\u00f8r udvikling af \u00e5bne modeller en og en kollektiv, global og \u00e5ben udvikling af kunstig intelligens.<\/li>\n\n\n\n<li>Det os uafh\u00e6ngige af de datacentre, der skal bruges til den kontinuerlige behandling af prompts.<\/li>\n\n\n\n<li>Vi tror p\u00e5, at der er en v\u00e6rdi i den langsommelighed og fejlbarlighed lokale modeller tilbyder, som underst\u00f8tter at vi ogs\u00e5 t\u00e6nker selv og holde os \u00e5rv\u00e5gne overfor den kunstige intelligens&#8217; fejlbarligheder.<\/li>\n<\/ul>\n\n\n\n<p>Den g\u00e6ngse brug af generativ kunstig intelligens er idag baseret p\u00e5 l\u00f8sninger, vi tilg\u00e5r i skyen. Det vil sige, at vores input sendes og behandles i et datacenter med stor regnekraft et andet sted i verden. Alt vi g\u00f8r, deles med tredjeparter. Tilmed er de hyppigst anvendte services (som OpenAI, Google etc.) propriet\u00e6re, hvilket betyder at datagrundlag, tr\u00e6ning m.v. er beskyttet og hemmeligholdt.<\/p>\n\n\n\n<p>N\u00e5r kunstig intelligens bruges lokalt, betyder det at vi downloader sprogmodellen og afvikler den lokalt p\u00e5 vores egen computer. Intet deles. Kun modeller udgivet under \u00e5bne licenser kan downloades og k\u00f8res lokalt. Det betyder, at de ogs\u00e5 kan videreudvikles og tilpasses af brugere.<\/p>\n\n\n\n<p>Grundl\u00e6ggende bryder den uigennemsigtighed, som kunstig intelligens beror p\u00e5, med degrowth-idealet om conviviality; at teknologier skal v\u00e6re mulige at forst\u00e5 og tilpasse for brugerne, s\u00e5 disse kan g\u00f8re redskabet til middel for at indfri de \u00f8nsker og visioner de har for samfundet. Men hvad hvis conviviality er et m\u00e5l p\u00e5 samfundsniveau, ikke n\u00f8dvendigvis noget samtlige teknologier skal leve op til i lige h\u00f8j grad? Fra et pragmatisk perspektiv er der behov for at underst\u00f8tte, at maskinl\u00e6ring og kunstig intelligens i h\u00f8jere grad bruges udvikles p\u00e5 <a href=\"https:\/\/www.oekom.de\/_files_media\/zeitschriften\/artikel\/GAIA_2024_01_186.pdf\">f\u00f8lgende m\u00e5der<\/a>:<\/p>\n\n\n\n<ol class=\"wp-block-list\">\n<li>prioriterer forklarlighed og i videst muligt giver tekniske igennemskuelig gennem peer-learning og open source<\/li>\n\n\n\n<li>reducerer milj\u00f8omkostninger ved i videst muligt omfang brug eksisterende hardware<\/li>\n\n\n\n<li>g\u00e5r fra cloud-baserede l\u00f8sninger til community-styret infrastruktur<\/li>\n\n\n\n<li>g\u00f8r kunstig intelligens til et sp\u00f8rgsm\u00e5l og etik, v\u00e6rdier og demokrati p\u00e5 arbejdspladsen<\/li>\n<\/ol>\n\n\n\n<p>Med venlig hilsen Bjarke<\/p>\n\n\n\n<h2 class=\"wp-block-heading\">Hvordan?<\/h2>\n\n\n\n<ol class=\"wp-block-list\">\n<li>Download <a href=\"https:\/\/lmstudio.ai\/\">LM Studio<\/a><\/li>\n\n\n\n<li><a href=\"https:\/\/towardsdev.com\/a-beginners-guide-to-llm-studio-and-large-language-models-9eb52b2dd682\">Download en eller flere modeller, v\u00e6lg med udgangspunkt i dit behov og din computers hardware,<\/a> fx variationer af gpt-oss, nemotron og qwen <\/li>\n\n\n\n<li>Tilpas og leg med systemprompt, temperatur, contextvindue m.v.<\/li>\n<\/ol>\n\n\n\n<p><\/p>\n","protected":false},"excerpt":{"rendered":"<p>Hvorfor? Jeg afpr\u00f8ver dette af flere \u00e5rsager. Den g\u00e6ngse brug af generativ kunstig intelligens er idag baseret p\u00e5 l\u00f8sninger, vi tilg\u00e5r i skyen. Det vil sige, at vores input sendes og behandles i et datacenter med stor regnekraft et andet sted i verden. Alt vi g\u00f8r, deles med tredjeparter. Tilmed er de hyppigst anvendte services [&hellip;]<\/p>\n","protected":false},"author":1,"featured_media":0,"parent":0,"menu_order":0,"comment_status":"closed","ping_status":"closed","template":"","meta":{"footnotes":""},"class_list":["post-48","page","type-page","status-publish","hentry"],"_links":{"self":[{"href":"https:\/\/degrowthdage.dk\/index.php\/wp-json\/wp\/v2\/pages\/48","targetHints":{"allow":["GET"]}}],"collection":[{"href":"https:\/\/degrowthdage.dk\/index.php\/wp-json\/wp\/v2\/pages"}],"about":[{"href":"https:\/\/degrowthdage.dk\/index.php\/wp-json\/wp\/v2\/types\/page"}],"author":[{"embeddable":true,"href":"https:\/\/degrowthdage.dk\/index.php\/wp-json\/wp\/v2\/users\/1"}],"replies":[{"embeddable":true,"href":"https:\/\/degrowthdage.dk\/index.php\/wp-json\/wp\/v2\/comments?post=48"}],"version-history":[{"count":8,"href":"https:\/\/degrowthdage.dk\/index.php\/wp-json\/wp\/v2\/pages\/48\/revisions"}],"predecessor-version":[{"id":97,"href":"https:\/\/degrowthdage.dk\/index.php\/wp-json\/wp\/v2\/pages\/48\/revisions\/97"}],"wp:attachment":[{"href":"https:\/\/degrowthdage.dk\/index.php\/wp-json\/wp\/v2\/media?parent=48"}],"curies":[{"name":"wp","href":"https:\/\/api.w.org\/{rel}","templated":true}]}}