{"id":9,"date":"2025-12-18T08:07:19","date_gmt":"2025-12-18T08:07:19","guid":{"rendered":"https:\/\/degrowthdage.dk\/?page_id=9"},"modified":"2026-02-24T15:33:10","modified_gmt":"2026-02-24T15:33:10","slug":"degrowthdage","status":"publish","type":"page","link":"https:\/\/degrowthdage.dk\/","title":{"rendered":"Velkommen"},"content":{"rendered":"\n<p>Vi lever i en tid, hvor det digitale lover os uendelige muligheder. Hastighed. Bekvemmelighed. Tilg\u00e6ngelighed. Kreativitet. Effektivitet.<\/p>\n\n\n\n<p>I for\u00e5ret 2026 tager forskningsprogrammet <em>Digital teknologi, l\u00e6ring og design<\/em> p\u00e5 Professionsh\u00f8jskolen Absalon et opg\u00f8r med den digitale selvf\u00f8lgelighed. Vi afpr\u00f8ver et arbejdsliv, hvor vi begr\u00e6nser os \u2013 bevidst. Vi kalder det <em>degrowthdage<\/em>.<\/p>\n\n\n\n<p>Du er velkommen til at v\u00e6re med. Du kan bruge f\u00f8lgende e-mailsignatur p\u00e5 dine degrowthdage: <\/p>\n\n\n\n<p><em>I dag holder jeg degrowthdag. Det betyder, at min tilg\u00e6ngelighed kan v\u00e6re udfordret, fordi jeg [inds\u00e6t intervention]. Du kan l\u00e6se mere og g\u00f8re det samme. Bes\u00f8g <a href=\"https:\/\/www.degrowthdage.dk\" target=\"_blank\" rel=\"noreferrer noopener\">www.degrowthdage.dk<\/a>.<\/em><\/p>\n\n\n\n<h3 class=\"wp-block-heading\"><strong>Hvorfor?<\/strong><\/h3>\n\n\n\n<p><a href=\"https:\/\/www.politybooks.com\/bookdetail?book_slug=digital-degrowth-radically-rethinking-our-digital-futures--9781509563272\" data-type=\"link\" data-id=\"https:\/\/www.politybooks.com\/bookdetail?book_slug=digital-degrowth-radically-rethinking-our-digital-futures--9781509563272\">Fordi den digitale infrastruktur bygger p\u00e5 idealer om v\u00e6kst, produktivitet og ubegr\u00e6nsethed<\/a>. <a href=\"https:\/\/hansreitzel.dk\/products\/afvakst-eller-undergang-bog-61273-9788702436532\"> Men ubegr\u00e6nset v\u00e6kst p\u00e5 en planet med begr\u00e6nsede ressourcer er en illusion.<\/a> Vi v\u00e6lger teknologier, der underst\u00f8tter begr\u00e6nsning, autonomi, deling og fordybelse.<\/p>\n\n\n\n<p>P\u00e5 den anden side af det tekniske besv\u00e6r og f\u00f8lelsen af afsavn, h\u00e5ber vi at der ligger en meningsfuld tilgang til digitalt vidensarbejde \u2013 for os og <a href=\"https:\/\/www.stockholmresilience.org\/research\/planetary-boundaries.html\">for planeten<\/a>.  <\/p>\n\n\n\n<p>Vi pr\u00f8ver os frem, og h\u00e5ber at vise, at digitale teknologier godt kan bruges p\u00e5 andre m\u00e5der og p\u00e5 andre pr\u00e6misser. Vi finder kun ud af det ved at pr\u00f8ve. I v\u00e6rste fald er det et besv\u00e6rligt hykleri. <\/p>\n\n\n\n<h3 class=\"wp-block-heading\"><strong>Hvordan?<\/strong><\/h3>\n\n\n\n<p>Vi indf\u00f8rer bensp\u00e6nd i vores daglige vidensarbejde. Hver deltager v\u00e6lger \u00e9t:<\/p>\n\n\n\n<ul class=\"wp-block-list\">\n<li>Internethastighed nedsat til 128 kbps \u2013 som \u00e5r 2000.<\/li>\n\n\n\n<li>E-mails kun i afgr\u00e6nsede tidsrum<\/li>\n\n\n\n<li>Udelukkende open source-software<\/li>\n\n\n\n<li>Digitalt skriftligt arbejde i simpelt HTML-tekstprogram<\/li>\n\n\n\n<li>Kun brug str\u00f8m fra direkte solenergi (uden batteri)<\/li>\n\n\n\n<li>Kunstig intelligens kun via lokalt installerede modeller<\/li>\n<\/ul>\n\n\n\n<p>Vi g\u00f8r det minimum fem dage. Undervejs dokumenterer vi via lyddagbog de konsekvenser det har: tekniske, sociale, faglige. Gode som d\u00e5rlige.<\/p>\n\n\n\n<p>I en verden med CoPilot, Teams og 1000 Mbit virker dette som en tilbagegang.<br>Vi tror, det er en vej frem.<\/p>\n\n\n\n<h3 class=\"wp-block-heading\"><strong>Praktisk<\/strong><\/h3>\n\n\n\n<p>Vores tilg\u00e6ngelighed \u00e6ndres. Vi g\u00f8r, hvad vi kan for at tage h\u00f8jde for det.<br>Har du brug for os akut? Ring<strong>.<\/strong><\/p>\n\n\n\n<p><\/p>\n\n\n\n<p>Med venlig hilsen<\/p>\n\n\n\n<p>Anne Kristine Petersen &#8211; tlf. <\/p>\n\n\n\n<p>Thilde Emilie M\u00f8ller &#8211; tlf. 72481293<\/p>\n\n\n\n<p>Pernille Hargb\u00f8l Madsen &#8211; tlf. 72482984<\/p>\n\n\n\n<p>Peter Gundersen &#8211; tlf.<\/p>\n\n\n\n<p>Pernille Lomholt &#8211; tlf.<\/p>\n\n\n\n<p>Bjarke Linds\u00f8 Andersen &#8211; tlf. 72482821<\/p>\n\n\n\n<p><\/p>\n","protected":false},"excerpt":{"rendered":"<p>Vi lever i en tid, hvor det digitale lover os uendelige muligheder. Hastighed. Bekvemmelighed. Tilg\u00e6ngelighed. Kreativitet. Effektivitet. I for\u00e5ret 2026 tager forskningsprogrammet Digital teknologi, l\u00e6ring og design p\u00e5 Professionsh\u00f8jskolen Absalon et opg\u00f8r med den digitale selvf\u00f8lgelighed. Vi afpr\u00f8ver et arbejdsliv, hvor vi begr\u00e6nser os \u2013 bevidst. Vi kalder det degrowthdage. Du er velkommen til at [&hellip;]<\/p>\n","protected":false},"author":1,"featured_media":0,"parent":0,"menu_order":0,"comment_status":"closed","ping_status":"closed","template":"","meta":{"footnotes":""},"class_list":["post-9","page","type-page","status-publish","hentry"],"_links":{"self":[{"href":"https:\/\/degrowthdage.dk\/index.php\/wp-json\/wp\/v2\/pages\/9","targetHints":{"allow":["GET"]}}],"collection":[{"href":"https:\/\/degrowthdage.dk\/index.php\/wp-json\/wp\/v2\/pages"}],"about":[{"href":"https:\/\/degrowthdage.dk\/index.php\/wp-json\/wp\/v2\/types\/page"}],"author":[{"embeddable":true,"href":"https:\/\/degrowthdage.dk\/index.php\/wp-json\/wp\/v2\/users\/1"}],"replies":[{"embeddable":true,"href":"https:\/\/degrowthdage.dk\/index.php\/wp-json\/wp\/v2\/comments?post=9"}],"version-history":[{"count":21,"href":"https:\/\/degrowthdage.dk\/index.php\/wp-json\/wp\/v2\/pages\/9\/revisions"}],"predecessor-version":[{"id":112,"href":"https:\/\/degrowthdage.dk\/index.php\/wp-json\/wp\/v2\/pages\/9\/revisions\/112"}],"wp:attachment":[{"href":"https:\/\/degrowthdage.dk\/index.php\/wp-json\/wp\/v2\/media?parent=9"}],"curies":[{"name":"wp","href":"https:\/\/api.w.org\/{rel}","templated":true}]}}